{"id":457,"date":"2017-01-12T16:22:54","date_gmt":"2017-01-12T15:22:54","guid":{"rendered":"http:\/\/lacigaletabarka.com\/?page_id=457"},"modified":"2026-03-13T09:59:13","modified_gmt":"2026-03-13T08:59:13","slug":"chambres-villas","status":"publish","type":"page","link":"https:\/\/www.lacigaletabarka.com\/en\/chambres-villas\/","title":{"rendered":"Chambres &#038; Villas"},"content":{"rendered":"<p>[vc_row][vc_column]<!-- Section Features --><div id=\"Chambres &amp; Villas\" class=\"section  vc_custom_1773392300849\"><div class=\"widget-features-grid\"><div class=\"wrapper-inner\"><!-- Features Title --><div class=\"widget-title\"><h5><\/h5><h2><\/h2><p>The hotel welcomes its guests in 248 rooms, including five luxurious villas, ten prestigious suites and a 370 m2 presidential suite offering a sublime panorama and a breathtaking view of the sea.<\/p><\/div><!-- Features Title End --><!-- Features Content --><div class=\"widget-inner\"><div class=\"row\"><div class=\"col-lg-4 col-sm-6\"><div class=\"features-item\" data-background=\"https:\/\/www.lacigaletabarka.com\/wp-content\/uploads\/2026\/03\/PR-SR-3-670x690.jpg\"><a href=\"http:\/\/www.lacigaletabarka.com\/chambres-villas\/rooms\/\" target=\"\"><h3>Rooms<\/h3><p><\/p><\/a> <\/div><\/div><div class=\"col-lg-4 col-sm-6\"><div class=\"features-item\" data-background=\"https:\/\/www.lacigaletabarka.com\/wp-content\/uploads\/2016\/07\/suite-1-670x690.png\"><a href=\"http:\/\/lacigaletabarka.com\/chambres-villa\/suites\/\" target=\"\"><h3>Suites<\/h3><p><\/p><\/a> <\/div><\/div><div class=\"col-lg-4 col-sm-6\"><div class=\"features-item\" data-background=\"https:\/\/www.lacigaletabarka.com\/wp-content\/uploads\/2017\/01\/villa-the-hills-670x690.png\"><a href=\"http:\/\/lacigaletabarka.com\/chambres-villa\/villa\/\" target=\"\"><h3>Villas<\/h3><p><\/p><\/a> <\/div><\/div><\/div><\/div><!-- Features Content End --><\/div><\/div><\/div><!-- Section Features End -->[\/vc_column][\/vc_row]<\/p>","protected":false},"excerpt":{"rendered":"<p>[vc_row][vc_column][\/vc_column][\/vc_row]<\/p>\n","protected":false},"author":1,"featured_media":772,"parent":0,"menu_order":0,"comment_status":"closed","ping_status":"closed","template":"","meta":{"_mi_skip_tracking":false,"_monsterinsights_skip_tracking":false,"_monsterinsights_sitenote_active":false,"_monsterinsights_sitenote_note":"","_monsterinsights_sitenote_category":0},"yoast_head":"<!-- This site is optimized with the Yoast SEO plugin v17.6 - https:\/\/yoast.com\/wordpress\/plugins\/seo\/ -->\n<title>(Fran\u00e7ais) Chambres-Villas - La Cigale Tabarka H\u00f4tel - Thalasso &amp; Spa - Golf<\/title>\n<meta name=\"description\" content=\"(Fran\u00e7ais) chambres-villas - L\u2019h\u00f4tel accueille ses h\u00f4tes au sein de 248 chambres, dont cinq luxueuses villas, dix prestigieuses suites et une suite pr\u00e9sidentielle.\" \/>\n<meta name=\"robots\" content=\"index, follow, max-snippet:-1, max-image-preview:large, max-video-preview:-1\" \/>\n<link rel=\"canonical\" href=\"https:\/\/www.lacigaletabarka.com\/chambres-villas\/\" \/>\n<meta property=\"og:locale\" content=\"en_US\" \/>\n<meta property=\"og:type\" content=\"article\" \/>\n<meta property=\"og:title\" content=\"[:fr]Chambres-Villas - La Cigale Tabarka H\u00f4tel - Thalasso &amp; Spa - Golf[:]\" \/>\n<meta property=\"og:description\" content=\"{:fr}chambres-villas - L\u2019h\u00f4tel accueille ses h\u00f4tes au sein de 248 chambres, dont cinq luxueuses villas, dix prestigieuses suites et une suite pr\u00e9sidentielle.{:}\" \/>\n<meta property=\"og:url\" content=\"https:\/\/www.lacigaletabarka.com\/chambres-villas\/\" \/>\n<meta property=\"og:site_name\" content=\"La Cigale\" \/>\n<meta property=\"article:publisher\" content=\"https:\/\/www.facebook.com\/lacigaletabarkahotel\/\" \/>\n<meta property=\"article:modified_time\" content=\"2026-03-13T08:59:13+00:00\" \/>\n<meta property=\"og:image\" content=\"https:\/\/www.lacigaletabarka.com\/wp-content\/uploads\/2017\/01\/chambres-villas-bg.png\" \/>\n\t<meta property=\"og:image:width\" content=\"600\" \/>\n\t<meta property=\"og:image:height\" content=\"600\" \/>\n<meta name=\"twitter:card\" content=\"summary\" \/>\n<meta name=\"twitter:site\" content=\"@LaCigaleTabarka\" \/>\n<meta name=\"twitter:label1\" content=\"Est. reading time\" \/>\n\t<meta name=\"twitter:data1\" content=\"2 minutes\" \/>\n<script type=\"application\/ld+json\" class=\"yoast-schema-graph\">{\"@context\":\"https:\/\/schema.org\",\"@graph\":[{\"@type\":\"WebSite\",\"@id\":\"https:\/\/www.lacigaletabarka.com\/#website\",\"url\":\"https:\/\/www.lacigaletabarka.com\/\",\"name\":\"La Cigale\",\"description\":\"Un style entre luxe et raffinement\",\"potentialAction\":[{\"@type\":\"SearchAction\",\"target\":{\"@type\":\"EntryPoint\",\"urlTemplate\":\"https:\/\/www.lacigaletabarka.com\/?s={search_term_string}\"},\"query-input\":\"required name=search_term_string\"}],\"inLanguage\":\"en-US\"},{\"@type\":\"ImageObject\",\"@id\":\"https:\/\/www.lacigaletabarka.com\/chambres-villas\/#primaryimage\",\"inLanguage\":\"en-US\",\"url\":\"https:\/\/www.lacigaletabarka.com\/wp-content\/uploads\/2017\/01\/chambres-villas-bg.png\",\"contentUrl\":\"https:\/\/www.lacigaletabarka.com\/wp-content\/uploads\/2017\/01\/chambres-villas-bg.png\",\"width\":600,\"height\":600},{\"@type\":\"WebPage\",\"@id\":\"https:\/\/www.lacigaletabarka.com\/chambres-villas\/#webpage\",\"url\":\"https:\/\/www.lacigaletabarka.com\/chambres-villas\/\",\"name\":\"[:fr]Chambres-Villas - La Cigale Tabarka H\\u00f4tel - Thalasso & Spa - Golf[:]\",\"isPartOf\":{\"@id\":\"https:\/\/www.lacigaletabarka.com\/#website\"},\"primaryImageOfPage\":{\"@id\":\"https:\/\/www.lacigaletabarka.com\/chambres-villas\/#primaryimage\"},\"datePublished\":\"2017-01-12T15:22:54+00:00\",\"dateModified\":\"2026-03-13T08:59:13+00:00\",\"description\":\"{:fr}chambres-villas - L\\u2019h\\u00f4tel accueille ses h\\u00f4tes au sein de 248 chambres, dont cinq luxueuses villas, dix prestigieuses suites et une suite pr\\u00e9sidentielle.{:}\",\"breadcrumb\":{\"@id\":\"https:\/\/www.lacigaletabarka.com\/chambres-villas\/#breadcrumb\"},\"inLanguage\":\"en-US\",\"potentialAction\":[{\"@type\":\"ReadAction\",\"target\":[\"https:\/\/www.lacigaletabarka.com\/chambres-villas\/\"]}]},{\"@type\":\"BreadcrumbList\",\"@id\":\"https:\/\/www.lacigaletabarka.com\/chambres-villas\/#breadcrumb\",\"itemListElement\":[{\"@type\":\"ListItem\",\"position\":1,\"name\":\"Home\",\"item\":\"https:\/\/www.lacigaletabarka.com\/\"},{\"@type\":\"ListItem\",\"position\":2,\"name\":\"Chambres &#038; Villas\"}]}]}<\/script>\n<!-- \/ Yoast SEO plugin. -->","yoast_head_json":{"title":"(Fran\u00e7ais) Chambres-Villas - La Cigale Tabarka H\u00f4tel - Thalasso & Spa - Golf","description":"(Fran\u00e7ais) chambres-villas - L\u2019h\u00f4tel accueille ses h\u00f4tes au sein de 248 chambres, dont cinq luxueuses villas, dix prestigieuses suites et une suite pr\u00e9sidentielle.","robots":{"index":"index","follow":"follow","max-snippet":"max-snippet:-1","max-image-preview":"max-image-preview:large","max-video-preview":"max-video-preview:-1"},"canonical":"https:\/\/www.lacigaletabarka.com\/chambres-villas\/","og_locale":"en_US","og_type":"article","og_title":"[:fr]Chambres-Villas - La Cigale Tabarka H\u00f4tel - Thalasso & Spa - Golf[:]","og_description":"{:fr}chambres-villas - L\u2019h\u00f4tel accueille ses h\u00f4tes au sein de 248 chambres, dont cinq luxueuses villas, dix prestigieuses suites et une suite pr\u00e9sidentielle.{:}","og_url":"https:\/\/www.lacigaletabarka.com\/chambres-villas\/","og_site_name":"La Cigale","article_publisher":"https:\/\/www.facebook.com\/lacigaletabarkahotel\/","article_modified_time":"2026-03-13T08:59:13+00:00","og_image":[{"width":600,"height":600,"url":"https:\/\/www.lacigaletabarka.com\/wp-content\/uploads\/2017\/01\/chambres-villas-bg.png","type":"image\/png"}],"twitter_card":"summary","twitter_site":"@LaCigaleTabarka","twitter_misc":{"Est. reading time":"2 minutes"},"schema":{"@context":"https:\/\/schema.org","@graph":[{"@type":"WebSite","@id":"https:\/\/www.lacigaletabarka.com\/#website","url":"https:\/\/www.lacigaletabarka.com\/","name":"La Cigale","description":"Un style entre luxe et raffinement","potentialAction":[{"@type":"SearchAction","target":{"@type":"EntryPoint","urlTemplate":"https:\/\/www.lacigaletabarka.com\/?s={search_term_string}"},"query-input":"required name=search_term_string"}],"inLanguage":"en-US"},{"@type":"ImageObject","@id":"https:\/\/www.lacigaletabarka.com\/chambres-villas\/#primaryimage","inLanguage":"en-US","url":"https:\/\/www.lacigaletabarka.com\/wp-content\/uploads\/2017\/01\/chambres-villas-bg.png","contentUrl":"https:\/\/www.lacigaletabarka.com\/wp-content\/uploads\/2017\/01\/chambres-villas-bg.png","width":600,"height":600},{"@type":"WebPage","@id":"https:\/\/www.lacigaletabarka.com\/chambres-villas\/#webpage","url":"https:\/\/www.lacigaletabarka.com\/chambres-villas\/","name":"[:fr]Chambres-Villas - La Cigale Tabarka H\u00f4tel - Thalasso & Spa - Golf[:]","isPartOf":{"@id":"https:\/\/www.lacigaletabarka.com\/#website"},"primaryImageOfPage":{"@id":"https:\/\/www.lacigaletabarka.com\/chambres-villas\/#primaryimage"},"datePublished":"2017-01-12T15:22:54+00:00","dateModified":"2026-03-13T08:59:13+00:00","description":"{:fr}chambres-villas - L\u2019h\u00f4tel accueille ses h\u00f4tes au sein de 248 chambres, dont cinq luxueuses villas, dix prestigieuses suites et une suite pr\u00e9sidentielle.{:}","breadcrumb":{"@id":"https:\/\/www.lacigaletabarka.com\/chambres-villas\/#breadcrumb"},"inLanguage":"en-US","potentialAction":[{"@type":"ReadAction","target":["https:\/\/www.lacigaletabarka.com\/chambres-villas\/"]}]},{"@type":"BreadcrumbList","@id":"https:\/\/www.lacigaletabarka.com\/chambres-villas\/#breadcrumb","itemListElement":[{"@type":"ListItem","position":1,"name":"Home","item":"https:\/\/www.lacigaletabarka.com\/"},{"@type":"ListItem","position":2,"name":"Chambres &#038; Villas"}]}]}},"_links":{"self":[{"href":"https:\/\/www.lacigaletabarka.com\/en\/wp-json\/wp\/v2\/pages\/457"}],"collection":[{"href":"https:\/\/www.lacigaletabarka.com\/en\/wp-json\/wp\/v2\/pages"}],"about":[{"href":"https:\/\/www.lacigaletabarka.com\/en\/wp-json\/wp\/v2\/types\/page"}],"author":[{"embeddable":true,"href":"https:\/\/www.lacigaletabarka.com\/en\/wp-json\/wp\/v2\/users\/1"}],"replies":[{"embeddable":true,"href":"https:\/\/www.lacigaletabarka.com\/en\/wp-json\/wp\/v2\/comments?post=457"}],"version-history":[{"count":65,"href":"https:\/\/www.lacigaletabarka.com\/en\/wp-json\/wp\/v2\/pages\/457\/revisions"}],"predecessor-version":[{"id":2120,"href":"https:\/\/www.lacigaletabarka.com\/en\/wp-json\/wp\/v2\/pages\/457\/revisions\/2120"}],"wp:featuredmedia":[{"embeddable":true,"href":"https:\/\/www.lacigaletabarka.com\/en\/wp-json\/wp\/v2\/media\/772"}],"wp:attachment":[{"href":"https:\/\/www.lacigaletabarka.com\/en\/wp-json\/wp\/v2\/media?parent=457"}],"curies":[{"name":"wp","href":"https:\/\/api.w.org\/{rel}","templated":true}]}}